{"id":6,"date":"2016-02-12T08:48:28","date_gmt":"2016-02-12T08:48:28","guid":{"rendered":"http:\/\/kunsthaus.biz\/?page_id=6"},"modified":"2026-01-25T20:35:21","modified_gmt":"2026-01-25T20:35:21","slug":"preise","status":"publish","type":"page","link":"https:\/\/www.pension-linn.de\/index.php\/preise\/","title":{"rendered":"Preise"},"content":{"rendered":"<h1 style=\"text-align: center;\">Erfragen jetzt Sie unsere erm\u00e4\u00dfigten Sonderpreise* unter:<\/h1>\n<h2 style=\"text-align: center;\"><strong>Telefon:\u00a0<a href=\"tel:+4967516193\">06751 &#8211; 6193<\/a><\/strong><\/h2>\n<p style=\"text-align: center; border: 1px solid #ff0000; color: #ff0000; font-size: 20px; padding-top: 5px; padding-bottom: 5px;\"><strong>7 \u00dcbernachtungen f\u00fcr Physiotherapeuten ab 298,- \u20ac<\/strong><\/p>\n<p style=\"text-align: center;\"><strong>W-LAN f\u00fcr Direktbucher gratis!<\/strong><br \/><strong>Berufst\u00e4tige und Fortbildungsteilnehmer zahlen keine Kurtaxe.<\/strong><\/p>\n<h3 style=\"text-align: center;\">* * * * *<\/h3>\n<h2 style=\"text-align: center;\"><strong>Buchen Sie jetzt unsere Favoriten:<\/strong><\/h2>\n<p style=\"text-align: center;\"><strong>7 \u00dcbernachtungen ab 298,- \u20ac<\/strong><br \/><strong>2 \u00dcbernachtungen ab 98,- \u20ac<\/strong><\/p>\n<p style=\"text-align: center;\">Wohlf\u00fchlen im Einzelzimmer mit Komfort-Bett, inklusive Fr\u00fchst\u00fcck<br \/>W-LAN f\u00fcr Direktbucher gratis!<\/p>\n<p style=\"text-align: center;\">*Kommen Sie wieder und erhalten einen Rabatt auf die neue Buchung.<\/p>\n\n\n<figure class=\"wp-block-gallery has-nested-images columns-default is-cropped wp-block-gallery-1 is-layout-flex wp-block-gallery-is-layout-flex\">\n<figure class=\"wp-block-image size-large\"><a href=\"https:\/\/i0.wp.com\/www.pension-linn.de\/wp-content\/uploads\/2026\/01\/15-1.png?ssl=1\" rel=\"lightbox[6]\"><img loading=\"lazy\" decoding=\"async\" width=\"720\" height=\"510\" data-id=\"276\" src=\"https:\/\/i0.wp.com\/www.pension-linn.de\/wp-content\/uploads\/2026\/01\/15-1-1024x726.png?resize=720%2C510&#038;ssl=1\" alt=\"\" class=\"wp-image-276\" srcset=\"https:\/\/i0.wp.com\/www.pension-linn.de\/wp-content\/uploads\/2026\/01\/15-1.png?resize=1024%2C726&amp;ssl=1 1024w, https:\/\/i0.wp.com\/www.pension-linn.de\/wp-content\/uploads\/2026\/01\/15-1.png?resize=300%2C213&amp;ssl=1 300w, https:\/\/i0.wp.com\/www.pension-linn.de\/wp-content\/uploads\/2026\/01\/15-1.png?resize=768%2C545&amp;ssl=1 768w, https:\/\/i0.wp.com\/www.pension-linn.de\/wp-content\/uploads\/2026\/01\/15-1.png?resize=1536%2C1090&amp;ssl=1 1536w, https:\/\/i0.wp.com\/www.pension-linn.de\/wp-content\/uploads\/2026\/01\/15-1.png?w=1748&amp;ssl=1 1748w, https:\/\/i0.wp.com\/www.pension-linn.de\/wp-content\/uploads\/2026\/01\/15-1.png?w=1440 1440w\" sizes=\"(max-width: 720px) 100vw, 720px\" data-recalc-dims=\"1\" \/><\/a><\/figure>\n<\/figure>\n\n\n\n<figure class=\"wp-block-image size-large\"><a href=\"https:\/\/i0.wp.com\/www.pension-linn.de\/wp-content\/uploads\/2026\/01\/10.png\" rel=\"lightbox[6]\"><img loading=\"lazy\" decoding=\"async\" width=\"720\" height=\"510\" src=\"https:\/\/i0.wp.com\/www.pension-linn.de\/wp-content\/uploads\/2026\/01\/10.png?resize=720%2C510\" alt=\"\" class=\"wp-image-254\" srcset=\"https:\/\/i0.wp.com\/www.pension-linn.de\/wp-content\/uploads\/2026\/01\/10.png?resize=1024%2C726&amp;ssl=1 1024w, https:\/\/i0.wp.com\/www.pension-linn.de\/wp-content\/uploads\/2026\/01\/10.png?resize=300%2C213&amp;ssl=1 300w, https:\/\/i0.wp.com\/www.pension-linn.de\/wp-content\/uploads\/2026\/01\/10.png?resize=768%2C545&amp;ssl=1 768w, https:\/\/i0.wp.com\/www.pension-linn.de\/wp-content\/uploads\/2026\/01\/10.png?resize=1536%2C1090&amp;ssl=1 1536w, https:\/\/i0.wp.com\/www.pension-linn.de\/wp-content\/uploads\/2026\/01\/10.png?w=1748&amp;ssl=1 1748w, https:\/\/i0.wp.com\/www.pension-linn.de\/wp-content\/uploads\/2026\/01\/10.png?w=1440 1440w\" sizes=\"(max-width: 720px) 100vw, 720px\" data-recalc-dims=\"1\" \/><\/a><\/figure>\n\n\n\n<figure class=\"wp-block-image size-large\"><a href=\"https:\/\/i0.wp.com\/www.pension-linn.de\/wp-content\/uploads\/2026\/01\/3.png\" rel=\"lightbox[6]\"><img loading=\"lazy\" decoding=\"async\" width=\"720\" height=\"510\" src=\"https:\/\/i0.wp.com\/www.pension-linn.de\/wp-content\/uploads\/2026\/01\/3.png?resize=720%2C510\" alt=\"\" class=\"wp-image-247\" srcset=\"https:\/\/i0.wp.com\/www.pension-linn.de\/wp-content\/uploads\/2026\/01\/3.png?resize=1024%2C726&amp;ssl=1 1024w, https:\/\/i0.wp.com\/www.pension-linn.de\/wp-content\/uploads\/2026\/01\/3.png?resize=300%2C213&amp;ssl=1 300w, https:\/\/i0.wp.com\/www.pension-linn.de\/wp-content\/uploads\/2026\/01\/3.png?resize=768%2C545&amp;ssl=1 768w, https:\/\/i0.wp.com\/www.pension-linn.de\/wp-content\/uploads\/2026\/01\/3.png?resize=1536%2C1090&amp;ssl=1 1536w, https:\/\/i0.wp.com\/www.pension-linn.de\/wp-content\/uploads\/2026\/01\/3.png?w=1748&amp;ssl=1 1748w, https:\/\/i0.wp.com\/www.pension-linn.de\/wp-content\/uploads\/2026\/01\/3.png?w=1440 1440w\" sizes=\"(max-width: 720px) 100vw, 720px\" data-recalc-dims=\"1\" \/><\/a><\/figure>\n\n\n\n<figure class=\"wp-block-image size-large\"><a href=\"https:\/\/i0.wp.com\/www.pension-linn.de\/wp-content\/uploads\/2026\/01\/16-1.png\" rel=\"lightbox[6]\"><img loading=\"lazy\" decoding=\"async\" width=\"720\" height=\"510\" src=\"https:\/\/i0.wp.com\/www.pension-linn.de\/wp-content\/uploads\/2026\/01\/16-1.png?resize=720%2C510\" alt=\"\" class=\"wp-image-273\" srcset=\"https:\/\/i0.wp.com\/www.pension-linn.de\/wp-content\/uploads\/2026\/01\/16-1.png?resize=1024%2C726&amp;ssl=1 1024w, https:\/\/i0.wp.com\/www.pension-linn.de\/wp-content\/uploads\/2026\/01\/16-1.png?resize=300%2C213&amp;ssl=1 300w, https:\/\/i0.wp.com\/www.pension-linn.de\/wp-content\/uploads\/2026\/01\/16-1.png?resize=768%2C545&amp;ssl=1 768w, https:\/\/i0.wp.com\/www.pension-linn.de\/wp-content\/uploads\/2026\/01\/16-1.png?resize=1536%2C1090&amp;ssl=1 1536w, https:\/\/i0.wp.com\/www.pension-linn.de\/wp-content\/uploads\/2026\/01\/16-1.png?w=1748&amp;ssl=1 1748w, https:\/\/i0.wp.com\/www.pension-linn.de\/wp-content\/uploads\/2026\/01\/16-1.png?w=1440 1440w\" sizes=\"(max-width: 720px) 100vw, 720px\" data-recalc-dims=\"1\" \/><\/a><\/figure>\n","protected":false},"excerpt":{"rendered":"<p>Erfragen jetzt Sie unsere erm\u00e4\u00dfigten Sonderpreise* unter: Telefon:\u00a006751 &#8211; 6193 7 \u00dcbernachtungen f\u00fcr Physiotherapeuten ab 298,- \u20ac W-LAN f\u00fcr Direktbucher gratis!Berufst\u00e4tige und Fortbildungsteilnehmer zahlen keine Kurtaxe. * * * * * Buchen Sie jetzt unsere Favoriten: 7 \u00dcbernachtungen ab 298,- \u20ac2 \u00dcbernachtungen ab 98,- \u20ac Wohlf\u00fchlen im Einzelzimmer mit Komfort-Bett, inklusive Fr\u00fchst\u00fcckW-LAN f\u00fcr Direktbucher gratis! [&hellip;]<\/p>\n","protected":false},"author":1,"featured_media":0,"parent":0,"menu_order":1,"comment_status":"closed","ping_status":"closed","template":"","meta":{"jetpack_post_was_ever_published":false,"footnotes":""},"jetpack_sharing_enabled":true,"jetpack_shortlink":"https:\/\/wp.me\/P7fit1-6","_links":{"self":[{"href":"https:\/\/www.pension-linn.de\/index.php\/wp-json\/wp\/v2\/pages\/6"}],"collection":[{"href":"https:\/\/www.pension-linn.de\/index.php\/wp-json\/wp\/v2\/pages"}],"about":[{"href":"https:\/\/www.pension-linn.de\/index.php\/wp-json\/wp\/v2\/types\/page"}],"author":[{"embeddable":true,"href":"https:\/\/www.pension-linn.de\/index.php\/wp-json\/wp\/v2\/users\/1"}],"replies":[{"embeddable":true,"href":"https:\/\/www.pension-linn.de\/index.php\/wp-json\/wp\/v2\/comments?post=6"}],"version-history":[{"count":12,"href":"https:\/\/www.pension-linn.de\/index.php\/wp-json\/wp\/v2\/pages\/6\/revisions"}],"predecessor-version":[{"id":291,"href":"https:\/\/www.pension-linn.de\/index.php\/wp-json\/wp\/v2\/pages\/6\/revisions\/291"}],"wp:attachment":[{"href":"https:\/\/www.pension-linn.de\/index.php\/wp-json\/wp\/v2\/media?parent=6"}],"curies":[{"name":"wp","href":"https:\/\/api.w.org\/{rel}","templated":true}]}}