{"id":4,"date":"2016-02-12T08:46:52","date_gmt":"2016-02-12T08:46:52","guid":{"rendered":"http:\/\/kunsthaus.biz\/?page_id=4"},"modified":"2026-01-25T20:35:39","modified_gmt":"2026-01-25T20:35:39","slug":"gaestezimmer-ferienwohnung","status":"publish","type":"page","link":"https:\/\/www.pension-linn.de\/","title":{"rendered":"G\u00e4stezimmer &#038; Ferienwohnung"},"content":{"rendered":"<h1>Wohnen Sie in unserem sch\u00f6nen Kunst- und G\u00e4stehaus am ruhigen, idyllischen Marktplatz von Bad Sobernheim.<\/h1>\n<h2><strong>Historisches Stadthaus:<a href=\"https:\/\/i0.wp.com\/www.pension-linn.de\/wp-content\/uploads\/2026\/01\/1.png\" rel=\"lightbox[4]\"><img loading=\"lazy\" decoding=\"async\" class=\" wp-image-245 alignright\" src=\"https:\/\/i0.wp.com\/www.pension-linn.de\/wp-content\/uploads\/2026\/01\/1.png?resize=346%2C246\" alt=\"\" width=\"346\" height=\"246\" srcset=\"https:\/\/i0.wp.com\/www.pension-linn.de\/wp-content\/uploads\/2026\/01\/1.png?resize=300%2C213&amp;ssl=1 300w, https:\/\/i0.wp.com\/www.pension-linn.de\/wp-content\/uploads\/2026\/01\/1.png?resize=1024%2C726&amp;ssl=1 1024w, https:\/\/i0.wp.com\/www.pension-linn.de\/wp-content\/uploads\/2026\/01\/1.png?resize=768%2C545&amp;ssl=1 768w, https:\/\/i0.wp.com\/www.pension-linn.de\/wp-content\/uploads\/2026\/01\/1.png?resize=1536%2C1090&amp;ssl=1 1536w, https:\/\/i0.wp.com\/www.pension-linn.de\/wp-content\/uploads\/2026\/01\/1.png?w=1748&amp;ssl=1 1748w, https:\/\/i0.wp.com\/www.pension-linn.de\/wp-content\/uploads\/2026\/01\/1.png?w=1440 1440w\" sizes=\"(max-width: 346px) 100vw, 346px\" data-recalc-dims=\"1\" \/><\/a><br \/>innen und au\u00dfen alles neu saniert!<\/strong><\/h2>\n<p>Helle, allergikerfreundliche G\u00e4stezimmer<\/p>\n<ul>\n<li>Nichtraucherhaus, keine Hunde<\/li>\n<li>Tageslichtb\u00e4der (2025 saniert)<\/li>\n<li>ganzt\u00e4gig nutzbare G\u00e4stek\u00fcchen<\/li>\n<li>Fr\u00fchst\u00fccksk\u00fcche<\/li>\n<li>romantischer Innenhof<\/li>\n<li>abschlie\u00dfbarer Fahrradraum<\/li>\n<li>W-LAN inklusive<\/li>\n<li>hauseigene Parkpl\u00e4tze<\/li>\n<li>neue Verdunklungsrollos in allen R\u00e4umen<\/li>\n<\/ul>\n<h3 style=\"text-align: center;\">* * * * *<\/h3>\n<p>Wir w\u00fcrden uns sehr freuen, Sie in unserem historischen Geb\u00e4ude von 1850 willkommen hei\u00dfen zu d\u00fcrfen. Das Haus befindet sich seit \u00fcber 25 Jahren im Familienbesitz und wurde seitdem St\u00fcck f\u00fcr St\u00fcck f\u00fcr Sie mit viel Liebe zum Detail saniert.<\/p>\n<p><strong>Seit 2025 haben wir, Andrea und Michael Linn, das Haus in zweiter Generation \u00fcbernommen.<\/strong> Dabei ist es uns sehr wichtig jedem Raum unseren <strong>pers\u00f6nlichen Stempel<\/strong> zu geben und eine <strong>einladende Atmosph\u00e4re<\/strong> zu schaffen. Kommen Sie gerne vorbei und \u00fcberzeugen Sie sich selbst davon.<\/p>\n<h3 style=\"text-align: center;\">* * * * *<\/h3>\n<p>Sehr gute Einkaufsm\u00f6glichkeiten und Caf\u00e9s direkt am Marktplatz.<br \/>Bahnhof, Kliniken, Kurh\u00e4user, Schwimmb\u00e4der, Sauna, Wellnessm\u00f6glichkeiten und Barfu\u00dfpfad erreichen Sie in wenigen Minuten zu Fu\u00df.<\/p>\n<p>Unser Haus ist begehrt bei Tagungsteilnehmern der Asklepios Katharina-Schroth-Klinik und wird von Besuchern und Patienten f\u00fcr kurze, sowie mehrw\u00f6chige Aufenthalte sehr gesch\u00e4tzt.<\/p>\n<p><strong>Erfragen Sie unsere g\u00fcnstigen Langzeitpreise und Fr\u00fchbucherrabatte.<\/strong><\/p>\n<h3 style=\"text-align: center;\">* * * * *<\/h3>\n<p>Nicht nur <strong>Kunstfreunde<\/strong> sch\u00e4tzen die ganz besondere Atmosph\u00e4re unseres Hauses. Sie k\u00f6nnen sich im ganzen Haus an den Aquarellen und vielen Bildwerken der K\u00fcnstlerin Gabriele Linn erfreuen und bei Gefallen &#8211; Kaufinteresse &#8211; auch gerne nach Sonderpreisen fragen.<\/p>\n<p>Unsere Workshops von &#8222;<strong>pusblu.kreativ -by Andrea Linn<\/strong>&#8220; f\u00fcr Anf\u00e4nger und Fortgeschrittene sind nicht nur bei unseren G\u00e4sten sehr beliebt. Ihrer Kreativit\u00e4t sind dabei kaum Grenzen gesetzt.<\/p>\n<p>Im M\u00e4rz \u00f6ffnet unser <strong>Concept Store &#8222;Sch\u00f6ne Dinge&#8220;<\/strong>. Schauen Sie doch gerne mal herein und erfreuen sich an handgemachten Produkten von verschiedenen regionalen Labels.<\/p>\n<p><strong><em>Ihre Andrea und Michael Linn<\/em><\/strong><\/p>\n\n\n<figure class=\"wp-block-gallery has-nested-images columns-default is-cropped wp-block-gallery-1 is-layout-flex wp-block-gallery-is-layout-flex\">\n<figure class=\"wp-block-image size-large\"><a href=\"https:\/\/i0.wp.com\/www.pension-linn.de\/wp-content\/uploads\/2026\/01\/7-1.png?ssl=1\" rel=\"lightbox[4]\"><img loading=\"lazy\" decoding=\"async\" width=\"720\" height=\"510\" data-id=\"258\" src=\"https:\/\/i0.wp.com\/www.pension-linn.de\/wp-content\/uploads\/2026\/01\/7-1-1024x726.png?resize=720%2C510&#038;ssl=1\" alt=\"\" class=\"wp-image-258\" srcset=\"https:\/\/i0.wp.com\/www.pension-linn.de\/wp-content\/uploads\/2026\/01\/7-1.png?resize=1024%2C726&amp;ssl=1 1024w, https:\/\/i0.wp.com\/www.pension-linn.de\/wp-content\/uploads\/2026\/01\/7-1.png?resize=300%2C213&amp;ssl=1 300w, https:\/\/i0.wp.com\/www.pension-linn.de\/wp-content\/uploads\/2026\/01\/7-1.png?resize=768%2C545&amp;ssl=1 768w, https:\/\/i0.wp.com\/www.pension-linn.de\/wp-content\/uploads\/2026\/01\/7-1.png?resize=1536%2C1090&amp;ssl=1 1536w, https:\/\/i0.wp.com\/www.pension-linn.de\/wp-content\/uploads\/2026\/01\/7-1.png?w=1748&amp;ssl=1 1748w, https:\/\/i0.wp.com\/www.pension-linn.de\/wp-content\/uploads\/2026\/01\/7-1.png?w=1440 1440w\" sizes=\"(max-width: 720px) 100vw, 720px\" data-recalc-dims=\"1\" \/><\/a><\/figure>\n<\/figure>\n\n\n\n<figure class=\"wp-block-image size-large\"><a href=\"https:\/\/i0.wp.com\/www.pension-linn.de\/wp-content\/uploads\/2026\/01\/1-2.png?ssl=1\" rel=\"lightbox[4]\"><img loading=\"lazy\" decoding=\"async\" width=\"720\" height=\"510\" src=\"https:\/\/i0.wp.com\/www.pension-linn.de\/wp-content\/uploads\/2026\/01\/1-2-1024x726.png?resize=720%2C510&#038;ssl=1\" alt=\"\" class=\"wp-image-264\" srcset=\"https:\/\/i0.wp.com\/www.pension-linn.de\/wp-content\/uploads\/2026\/01\/1-2.png?resize=1024%2C726&amp;ssl=1 1024w, https:\/\/i0.wp.com\/www.pension-linn.de\/wp-content\/uploads\/2026\/01\/1-2.png?resize=300%2C213&amp;ssl=1 300w, https:\/\/i0.wp.com\/www.pension-linn.de\/wp-content\/uploads\/2026\/01\/1-2.png?resize=768%2C545&amp;ssl=1 768w, https:\/\/i0.wp.com\/www.pension-linn.de\/wp-content\/uploads\/2026\/01\/1-2.png?resize=1536%2C1090&amp;ssl=1 1536w, https:\/\/i0.wp.com\/www.pension-linn.de\/wp-content\/uploads\/2026\/01\/1-2.png?w=1748&amp;ssl=1 1748w, https:\/\/i0.wp.com\/www.pension-linn.de\/wp-content\/uploads\/2026\/01\/1-2.png?w=1440 1440w\" sizes=\"(max-width: 720px) 100vw, 720px\" data-recalc-dims=\"1\" \/><\/a><\/figure>\n\n\n\n<figure class=\"wp-block-gallery has-nested-images columns-default is-cropped wp-block-gallery-2 is-layout-flex wp-block-gallery-is-layout-flex\">\n<figure class=\"wp-block-image size-large\"><a href=\"https:\/\/i0.wp.com\/www.pension-linn.de\/wp-content\/uploads\/2026\/01\/2-1.png?ssl=1\" rel=\"lightbox[4]\"><img loading=\"lazy\" decoding=\"async\" width=\"720\" height=\"510\" data-id=\"260\" src=\"https:\/\/i0.wp.com\/www.pension-linn.de\/wp-content\/uploads\/2026\/01\/2-1-1024x726.png?resize=720%2C510&#038;ssl=1\" alt=\"\" class=\"wp-image-260\" srcset=\"https:\/\/i0.wp.com\/www.pension-linn.de\/wp-content\/uploads\/2026\/01\/2-1.png?resize=1024%2C726&amp;ssl=1 1024w, https:\/\/i0.wp.com\/www.pension-linn.de\/wp-content\/uploads\/2026\/01\/2-1.png?resize=300%2C213&amp;ssl=1 300w, https:\/\/i0.wp.com\/www.pension-linn.de\/wp-content\/uploads\/2026\/01\/2-1.png?resize=768%2C545&amp;ssl=1 768w, https:\/\/i0.wp.com\/www.pension-linn.de\/wp-content\/uploads\/2026\/01\/2-1.png?resize=1536%2C1090&amp;ssl=1 1536w, https:\/\/i0.wp.com\/www.pension-linn.de\/wp-content\/uploads\/2026\/01\/2-1.png?w=1748&amp;ssl=1 1748w, https:\/\/i0.wp.com\/www.pension-linn.de\/wp-content\/uploads\/2026\/01\/2-1.png?w=1440 1440w\" sizes=\"(max-width: 720px) 100vw, 720px\" data-recalc-dims=\"1\" \/><\/a><\/figure>\n<\/figure>\n\n\n\n<figure class=\"wp-block-image size-large\"><a href=\"https:\/\/i0.wp.com\/www.pension-linn.de\/wp-content\/uploads\/2026\/01\/3-1.png?ssl=1\" rel=\"lightbox[4]\"><img loading=\"lazy\" decoding=\"async\" width=\"720\" height=\"510\" src=\"https:\/\/i0.wp.com\/www.pension-linn.de\/wp-content\/uploads\/2026\/01\/3-1-1024x726.png?resize=720%2C510&#038;ssl=1\" alt=\"\" class=\"wp-image-261\" srcset=\"https:\/\/i0.wp.com\/www.pension-linn.de\/wp-content\/uploads\/2026\/01\/3-1.png?resize=1024%2C726&amp;ssl=1 1024w, https:\/\/i0.wp.com\/www.pension-linn.de\/wp-content\/uploads\/2026\/01\/3-1.png?resize=300%2C213&amp;ssl=1 300w, https:\/\/i0.wp.com\/www.pension-linn.de\/wp-content\/uploads\/2026\/01\/3-1.png?resize=768%2C545&amp;ssl=1 768w, https:\/\/i0.wp.com\/www.pension-linn.de\/wp-content\/uploads\/2026\/01\/3-1.png?resize=1536%2C1090&amp;ssl=1 1536w, https:\/\/i0.wp.com\/www.pension-linn.de\/wp-content\/uploads\/2026\/01\/3-1.png?w=1748&amp;ssl=1 1748w, https:\/\/i0.wp.com\/www.pension-linn.de\/wp-content\/uploads\/2026\/01\/3-1.png?w=1440 1440w\" sizes=\"(max-width: 720px) 100vw, 720px\" data-recalc-dims=\"1\" \/><\/a><\/figure>\n\n\n\n<figure class=\"wp-block-gallery has-nested-images columns-default is-cropped wp-block-gallery-3 is-layout-flex wp-block-gallery-is-layout-flex\">\n<figure class=\"wp-block-image size-large\"><a href=\"https:\/\/i0.wp.com\/www.pension-linn.de\/wp-content\/uploads\/2026\/01\/4-1.png?ssl=1\" rel=\"lightbox[4]\"><img loading=\"lazy\" decoding=\"async\" width=\"720\" height=\"510\" data-id=\"262\" src=\"https:\/\/i0.wp.com\/www.pension-linn.de\/wp-content\/uploads\/2026\/01\/4-1-1024x726.png?resize=720%2C510&#038;ssl=1\" alt=\"\" class=\"wp-image-262\" srcset=\"https:\/\/i0.wp.com\/www.pension-linn.de\/wp-content\/uploads\/2026\/01\/4-1.png?resize=1024%2C726&amp;ssl=1 1024w, https:\/\/i0.wp.com\/www.pension-linn.de\/wp-content\/uploads\/2026\/01\/4-1.png?resize=300%2C213&amp;ssl=1 300w, https:\/\/i0.wp.com\/www.pension-linn.de\/wp-content\/uploads\/2026\/01\/4-1.png?resize=768%2C545&amp;ssl=1 768w, https:\/\/i0.wp.com\/www.pension-linn.de\/wp-content\/uploads\/2026\/01\/4-1.png?resize=1536%2C1090&amp;ssl=1 1536w, https:\/\/i0.wp.com\/www.pension-linn.de\/wp-content\/uploads\/2026\/01\/4-1.png?w=1748&amp;ssl=1 1748w, https:\/\/i0.wp.com\/www.pension-linn.de\/wp-content\/uploads\/2026\/01\/4-1.png?w=1440 1440w\" sizes=\"(max-width: 720px) 100vw, 720px\" data-recalc-dims=\"1\" \/><\/a><\/figure>\n<\/figure>\n\n\n\n<figure class=\"wp-block-image size-large\"><a href=\"https:\/\/i0.wp.com\/www.pension-linn.de\/wp-content\/uploads\/2026\/01\/16-1.png?ssl=1\" rel=\"lightbox[4]\"><img loading=\"lazy\" decoding=\"async\" width=\"720\" height=\"510\" src=\"https:\/\/i0.wp.com\/www.pension-linn.de\/wp-content\/uploads\/2026\/01\/16-1-1024x726.png?resize=720%2C510&#038;ssl=1\" alt=\"\" class=\"wp-image-273\" srcset=\"https:\/\/i0.wp.com\/www.pension-linn.de\/wp-content\/uploads\/2026\/01\/16-1.png?resize=1024%2C726&amp;ssl=1 1024w, https:\/\/i0.wp.com\/www.pension-linn.de\/wp-content\/uploads\/2026\/01\/16-1.png?resize=300%2C213&amp;ssl=1 300w, https:\/\/i0.wp.com\/www.pension-linn.de\/wp-content\/uploads\/2026\/01\/16-1.png?resize=768%2C545&amp;ssl=1 768w, https:\/\/i0.wp.com\/www.pension-linn.de\/wp-content\/uploads\/2026\/01\/16-1.png?resize=1536%2C1090&amp;ssl=1 1536w, https:\/\/i0.wp.com\/www.pension-linn.de\/wp-content\/uploads\/2026\/01\/16-1.png?w=1748&amp;ssl=1 1748w, https:\/\/i0.wp.com\/www.pension-linn.de\/wp-content\/uploads\/2026\/01\/16-1.png?w=1440 1440w\" sizes=\"(max-width: 720px) 100vw, 720px\" data-recalc-dims=\"1\" \/><\/a><\/figure>\n\n\n\n<figure class=\"wp-block-image size-large\"><a href=\"https:\/\/i0.wp.com\/www.pension-linn.de\/wp-content\/uploads\/2026\/01\/8-1.png?ssl=1\" rel=\"lightbox[4]\"><img loading=\"lazy\" decoding=\"async\" width=\"720\" height=\"510\" src=\"https:\/\/i0.wp.com\/www.pension-linn.de\/wp-content\/uploads\/2026\/01\/8-1-1024x726.png?resize=720%2C510&#038;ssl=1\" alt=\"\" class=\"wp-image-266\" srcset=\"https:\/\/i0.wp.com\/www.pension-linn.de\/wp-content\/uploads\/2026\/01\/8-1.png?resize=1024%2C726&amp;ssl=1 1024w, https:\/\/i0.wp.com\/www.pension-linn.de\/wp-content\/uploads\/2026\/01\/8-1.png?resize=300%2C213&amp;ssl=1 300w, https:\/\/i0.wp.com\/www.pension-linn.de\/wp-content\/uploads\/2026\/01\/8-1.png?resize=768%2C545&amp;ssl=1 768w, https:\/\/i0.wp.com\/www.pension-linn.de\/wp-content\/uploads\/2026\/01\/8-1.png?resize=1536%2C1090&amp;ssl=1 1536w, https:\/\/i0.wp.com\/www.pension-linn.de\/wp-content\/uploads\/2026\/01\/8-1.png?w=1748&amp;ssl=1 1748w, https:\/\/i0.wp.com\/www.pension-linn.de\/wp-content\/uploads\/2026\/01\/8-1.png?w=1440 1440w\" sizes=\"(max-width: 720px) 100vw, 720px\" data-recalc-dims=\"1\" \/><\/a><\/figure>\n\n\n\n<figure class=\"wp-block-image size-large\"><a href=\"https:\/\/i0.wp.com\/www.pension-linn.de\/wp-content\/uploads\/2026\/01\/6-1.png?ssl=1\" rel=\"lightbox[4]\"><img loading=\"lazy\" decoding=\"async\" width=\"720\" height=\"510\" src=\"https:\/\/i0.wp.com\/www.pension-linn.de\/wp-content\/uploads\/2026\/01\/6-1-1024x726.png?resize=720%2C510&#038;ssl=1\" alt=\"\" class=\"wp-image-265\" srcset=\"https:\/\/i0.wp.com\/www.pension-linn.de\/wp-content\/uploads\/2026\/01\/6-1.png?resize=1024%2C726&amp;ssl=1 1024w, https:\/\/i0.wp.com\/www.pension-linn.de\/wp-content\/uploads\/2026\/01\/6-1.png?resize=300%2C213&amp;ssl=1 300w, https:\/\/i0.wp.com\/www.pension-linn.de\/wp-content\/uploads\/2026\/01\/6-1.png?resize=768%2C545&amp;ssl=1 768w, https:\/\/i0.wp.com\/www.pension-linn.de\/wp-content\/uploads\/2026\/01\/6-1.png?resize=1536%2C1090&amp;ssl=1 1536w, https:\/\/i0.wp.com\/www.pension-linn.de\/wp-content\/uploads\/2026\/01\/6-1.png?w=1748&amp;ssl=1 1748w, https:\/\/i0.wp.com\/www.pension-linn.de\/wp-content\/uploads\/2026\/01\/6-1.png?w=1440 1440w\" sizes=\"(max-width: 720px) 100vw, 720px\" data-recalc-dims=\"1\" \/><\/a><\/figure>\n\n\n\n<figure class=\"wp-block-image size-large\"><a href=\"https:\/\/i0.wp.com\/www.pension-linn.de\/wp-content\/uploads\/2026\/01\/9.png\" rel=\"lightbox[4]\"><img loading=\"lazy\" decoding=\"async\" width=\"720\" height=\"510\" src=\"https:\/\/i0.wp.com\/www.pension-linn.de\/wp-content\/uploads\/2026\/01\/9.png?resize=720%2C510\" alt=\"\" class=\"wp-image-253\" srcset=\"https:\/\/i0.wp.com\/www.pension-linn.de\/wp-content\/uploads\/2026\/01\/9.png?resize=1024%2C726&amp;ssl=1 1024w, https:\/\/i0.wp.com\/www.pension-linn.de\/wp-content\/uploads\/2026\/01\/9.png?resize=300%2C213&amp;ssl=1 300w, https:\/\/i0.wp.com\/www.pension-linn.de\/wp-content\/uploads\/2026\/01\/9.png?resize=768%2C545&amp;ssl=1 768w, https:\/\/i0.wp.com\/www.pension-linn.de\/wp-content\/uploads\/2026\/01\/9.png?resize=1536%2C1090&amp;ssl=1 1536w, https:\/\/i0.wp.com\/www.pension-linn.de\/wp-content\/uploads\/2026\/01\/9.png?w=1748&amp;ssl=1 1748w, https:\/\/i0.wp.com\/www.pension-linn.de\/wp-content\/uploads\/2026\/01\/9.png?w=1440 1440w\" sizes=\"(max-width: 720px) 100vw, 720px\" data-recalc-dims=\"1\" \/><\/a><\/figure>\n\n\n\n<figure class=\"wp-block-image size-large\"><a href=\"https:\/\/i0.wp.com\/www.pension-linn.de\/wp-content\/uploads\/2026\/01\/17.png\" rel=\"lightbox[4]\"><img loading=\"lazy\" decoding=\"async\" width=\"720\" height=\"510\" src=\"https:\/\/i0.wp.com\/www.pension-linn.de\/wp-content\/uploads\/2026\/01\/17.png?resize=720%2C510\" alt=\"\" class=\"wp-image-271\" srcset=\"https:\/\/i0.wp.com\/www.pension-linn.de\/wp-content\/uploads\/2026\/01\/17.png?resize=1024%2C726&amp;ssl=1 1024w, https:\/\/i0.wp.com\/www.pension-linn.de\/wp-content\/uploads\/2026\/01\/17.png?resize=300%2C213&amp;ssl=1 300w, https:\/\/i0.wp.com\/www.pension-linn.de\/wp-content\/uploads\/2026\/01\/17.png?resize=768%2C545&amp;ssl=1 768w, https:\/\/i0.wp.com\/www.pension-linn.de\/wp-content\/uploads\/2026\/01\/17.png?resize=1536%2C1090&amp;ssl=1 1536w, https:\/\/i0.wp.com\/www.pension-linn.de\/wp-content\/uploads\/2026\/01\/17.png?w=1748&amp;ssl=1 1748w, https:\/\/i0.wp.com\/www.pension-linn.de\/wp-content\/uploads\/2026\/01\/17.png?w=1440 1440w\" sizes=\"(max-width: 720px) 100vw, 720px\" data-recalc-dims=\"1\" \/><\/a><\/figure>\n\n\n\n<figure class=\"wp-block-image size-large\"><a href=\"https:\/\/i0.wp.com\/www.pension-linn.de\/wp-content\/uploads\/2026\/01\/12.png\" rel=\"lightbox[4]\"><img loading=\"lazy\" decoding=\"async\" width=\"720\" height=\"510\" src=\"https:\/\/i0.wp.com\/www.pension-linn.de\/wp-content\/uploads\/2026\/01\/12.png?resize=720%2C510\" alt=\"\" class=\"wp-image-256\" srcset=\"https:\/\/i0.wp.com\/www.pension-linn.de\/wp-content\/uploads\/2026\/01\/12.png?resize=1024%2C726&amp;ssl=1 1024w, https:\/\/i0.wp.com\/www.pension-linn.de\/wp-content\/uploads\/2026\/01\/12.png?resize=300%2C213&amp;ssl=1 300w, https:\/\/i0.wp.com\/www.pension-linn.de\/wp-content\/uploads\/2026\/01\/12.png?resize=768%2C545&amp;ssl=1 768w, https:\/\/i0.wp.com\/www.pension-linn.de\/wp-content\/uploads\/2026\/01\/12.png?resize=1536%2C1090&amp;ssl=1 1536w, https:\/\/i0.wp.com\/www.pension-linn.de\/wp-content\/uploads\/2026\/01\/12.png?w=1748&amp;ssl=1 1748w, https:\/\/i0.wp.com\/www.pension-linn.de\/wp-content\/uploads\/2026\/01\/12.png?w=1440 1440w\" sizes=\"(max-width: 720px) 100vw, 720px\" data-recalc-dims=\"1\" \/><\/a><\/figure>\n\n\n\n<figure class=\"wp-block-image size-large\"><a href=\"https:\/\/i0.wp.com\/www.pension-linn.de\/wp-content\/uploads\/2026\/01\/11.png\" rel=\"lightbox[4]\"><img loading=\"lazy\" decoding=\"async\" width=\"720\" height=\"510\" src=\"https:\/\/i0.wp.com\/www.pension-linn.de\/wp-content\/uploads\/2026\/01\/11.png?resize=720%2C510\" alt=\"\" class=\"wp-image-255\" srcset=\"https:\/\/i0.wp.com\/www.pension-linn.de\/wp-content\/uploads\/2026\/01\/11.png?resize=1024%2C726&amp;ssl=1 1024w, https:\/\/i0.wp.com\/www.pension-linn.de\/wp-content\/uploads\/2026\/01\/11.png?resize=300%2C213&amp;ssl=1 300w, https:\/\/i0.wp.com\/www.pension-linn.de\/wp-content\/uploads\/2026\/01\/11.png?resize=768%2C545&amp;ssl=1 768w, https:\/\/i0.wp.com\/www.pension-linn.de\/wp-content\/uploads\/2026\/01\/11.png?resize=1536%2C1090&amp;ssl=1 1536w, https:\/\/i0.wp.com\/www.pension-linn.de\/wp-content\/uploads\/2026\/01\/11.png?w=1748&amp;ssl=1 1748w, https:\/\/i0.wp.com\/www.pension-linn.de\/wp-content\/uploads\/2026\/01\/11.png?w=1440 1440w\" sizes=\"(max-width: 720px) 100vw, 720px\" data-recalc-dims=\"1\" \/><\/a><\/figure>\n\n\n\n<figure class=\"wp-block-image size-large\"><a href=\"https:\/\/i0.wp.com\/www.pension-linn.de\/wp-content\/uploads\/2026\/01\/13.png\" rel=\"lightbox[4]\"><img loading=\"lazy\" decoding=\"async\" width=\"720\" height=\"510\" src=\"https:\/\/i0.wp.com\/www.pension-linn.de\/wp-content\/uploads\/2026\/01\/13.png?resize=720%2C510\" alt=\"\" class=\"wp-image-257\" srcset=\"https:\/\/i0.wp.com\/www.pension-linn.de\/wp-content\/uploads\/2026\/01\/13.png?resize=1024%2C726&amp;ssl=1 1024w, https:\/\/i0.wp.com\/www.pension-linn.de\/wp-content\/uploads\/2026\/01\/13.png?resize=300%2C213&amp;ssl=1 300w, https:\/\/i0.wp.com\/www.pension-linn.de\/wp-content\/uploads\/2026\/01\/13.png?resize=768%2C545&amp;ssl=1 768w, https:\/\/i0.wp.com\/www.pension-linn.de\/wp-content\/uploads\/2026\/01\/13.png?resize=1536%2C1090&amp;ssl=1 1536w, https:\/\/i0.wp.com\/www.pension-linn.de\/wp-content\/uploads\/2026\/01\/13.png?w=1748&amp;ssl=1 1748w, https:\/\/i0.wp.com\/www.pension-linn.de\/wp-content\/uploads\/2026\/01\/13.png?w=1440 1440w\" sizes=\"(max-width: 720px) 100vw, 720px\" data-recalc-dims=\"1\" \/><\/a><\/figure>\n","protected":false},"excerpt":{"rendered":"<p>Wohnen Sie in unserem sch\u00f6nen Kunst- und G\u00e4stehaus am ruhigen, idyllischen Marktplatz von Bad Sobernheim. Historisches Stadthaus:innen und au\u00dfen alles neu saniert! Helle, allergikerfreundliche G\u00e4stezimmer Nichtraucherhaus, keine Hunde Tageslichtb\u00e4der (2025 saniert) ganzt\u00e4gig nutzbare G\u00e4stek\u00fcchen Fr\u00fchst\u00fccksk\u00fcche romantischer Innenhof abschlie\u00dfbarer Fahrradraum W-LAN inklusive hauseigene Parkpl\u00e4tze neue Verdunklungsrollos in allen R\u00e4umen * * * * * Wir w\u00fcrden [&hellip;]<\/p>\n","protected":false},"author":1,"featured_media":0,"parent":0,"menu_order":0,"comment_status":"closed","ping_status":"closed","template":"","meta":{"jetpack_post_was_ever_published":false,"footnotes":""},"jetpack_sharing_enabled":true,"jetpack_shortlink":"https:\/\/wp.me\/P7fit1-4","_links":{"self":[{"href":"https:\/\/www.pension-linn.de\/index.php\/wp-json\/wp\/v2\/pages\/4"}],"collection":[{"href":"https:\/\/www.pension-linn.de\/index.php\/wp-json\/wp\/v2\/pages"}],"about":[{"href":"https:\/\/www.pension-linn.de\/index.php\/wp-json\/wp\/v2\/types\/page"}],"author":[{"embeddable":true,"href":"https:\/\/www.pension-linn.de\/index.php\/wp-json\/wp\/v2\/users\/1"}],"replies":[{"embeddable":true,"href":"https:\/\/www.pension-linn.de\/index.php\/wp-json\/wp\/v2\/comments?post=4"}],"version-history":[{"count":13,"href":"https:\/\/www.pension-linn.de\/index.php\/wp-json\/wp\/v2\/pages\/4\/revisions"}],"predecessor-version":[{"id":292,"href":"https:\/\/www.pension-linn.de\/index.php\/wp-json\/wp\/v2\/pages\/4\/revisions\/292"}],"wp:attachment":[{"href":"https:\/\/www.pension-linn.de\/index.php\/wp-json\/wp\/v2\/media?parent=4"}],"curies":[{"name":"wp","href":"https:\/\/api.w.org\/{rel}","templated":true}]}}