{"id":11,"date":"2016-02-12T08:53:16","date_gmt":"2016-02-12T08:53:16","guid":{"rendered":"http:\/\/kunsthaus.biz\/?page_id=11"},"modified":"2016-04-17T14:26:44","modified_gmt":"2016-04-17T14:26:44","slug":"gaestebuch","status":"publish","type":"page","link":"https:\/\/www.pension-linn.de\/index.php\/gaestebuch\/","title":{"rendered":"G\u00e4stebuch"},"content":{"rendered":"<h1><strong>Die Zufriedenheit unserer G\u00e4ste liegt uns am Herzen. Lesen Sie selbst, wie es anderen G\u00e4sten bei uns gefallen hat.<\/strong><\/h1>\n<p>Als Gast im Kunsthaus Linn k\u00f6nnen Sie uns hier schreiben, wie es Ihnen bei uns gefallen hat. Wir freuen uns \u00fcber Ihr Feedback!<\/p>\n<p><strong><i>Ihre Familie Linn<\/i><\/strong><\/p>\n<p style=\"text-align: center;\"><strong>Teilnehmer der Schroth-Kurse sch\u00e4tzen die besondere Atmosph\u00e4re unseres Hauses.<\/strong><br \/>\n<img loading=\"lazy\" decoding=\"async\" class=\"image-center aligncenter wp-image-33 size-full\" src=\"https:\/\/i0.wp.com\/www.pension-linn.de\/wp-content\/uploads\/2016\/02\/physio-kurs_3-2013.jpg?resize=515%2C548\" alt=\"Physio-Kurs der Katharina-Schroth-Klinik\" width=\"515\" height=\"548\" srcset=\"https:\/\/i0.wp.com\/www.pension-linn.de\/wp-content\/uploads\/2016\/02\/physio-kurs_3-2013.jpg?w=515&amp;ssl=1 515w, https:\/\/i0.wp.com\/www.pension-linn.de\/wp-content\/uploads\/2016\/02\/physio-kurs_3-2013.jpg?resize=282%2C300&amp;ssl=1 282w\" sizes=\"(max-width: 515px) 100vw, 515px\" data-recalc-dims=\"1\" \/><\/p>\n<p style=\"text-align: center;\">\u00d6ffnen Sie die Fotogalerie mit einem Klick auf eines der folgenden Bilder&#8230;<\/p>\n<div id=\"col_top\">\n<div id='gallery-1' class='gallery galleryid-11 gallery-columns-2 gallery-size-medium'><dl class='gallery-item'>\n\t\t\t<dt class='gallery-icon landscape'>\n\t\t\t\t<a href='https:\/\/i0.wp.com\/www.pension-linn.de\/wp-content\/uploads\/2016\/02\/guest3.jpg?ssl=1' rel=\"lightbox[11]\"><img loading=\"lazy\" decoding=\"async\" width=\"300\" height=\"224\" src=\"https:\/\/i0.wp.com\/www.pension-linn.de\/wp-content\/uploads\/2016\/02\/guest3.jpg?fit=300%2C224&amp;ssl=1\" class=\"attachment-medium size-medium\" alt=\"\" srcset=\"https:\/\/i0.wp.com\/www.pension-linn.de\/wp-content\/uploads\/2016\/02\/guest3.jpg?w=600&amp;ssl=1 600w, https:\/\/i0.wp.com\/www.pension-linn.de\/wp-content\/uploads\/2016\/02\/guest3.jpg?resize=300%2C224&amp;ssl=1 300w\" sizes=\"(max-width: 300px) 100vw, 300px\" \/><\/a>\n\t\t\t<\/dt><\/dl><dl class='gallery-item'>\n\t\t\t<dt class='gallery-icon landscape'>\n\t\t\t\t<a href='https:\/\/i0.wp.com\/www.pension-linn.de\/wp-content\/uploads\/2016\/02\/guest6.jpg?ssl=1' rel=\"lightbox[11]\"><img loading=\"lazy\" decoding=\"async\" width=\"300\" height=\"224\" src=\"https:\/\/i0.wp.com\/www.pension-linn.de\/wp-content\/uploads\/2016\/02\/guest6.jpg?fit=300%2C224&amp;ssl=1\" class=\"attachment-medium size-medium\" alt=\"\" srcset=\"https:\/\/i0.wp.com\/www.pension-linn.de\/wp-content\/uploads\/2016\/02\/guest6.jpg?w=2385&amp;ssl=1 2385w, https:\/\/i0.wp.com\/www.pension-linn.de\/wp-content\/uploads\/2016\/02\/guest6.jpg?resize=300%2C224&amp;ssl=1 300w, https:\/\/i0.wp.com\/www.pension-linn.de\/wp-content\/uploads\/2016\/02\/guest6.jpg?resize=768%2C574&amp;ssl=1 768w, https:\/\/i0.wp.com\/www.pension-linn.de\/wp-content\/uploads\/2016\/02\/guest6.jpg?resize=1024%2C765&amp;ssl=1 1024w, https:\/\/i0.wp.com\/www.pension-linn.de\/wp-content\/uploads\/2016\/02\/guest6.jpg?w=1440 1440w, https:\/\/i0.wp.com\/www.pension-linn.de\/wp-content\/uploads\/2016\/02\/guest6.jpg?w=2160 2160w\" sizes=\"(max-width: 300px) 100vw, 300px\" \/><\/a>\n\t\t\t<\/dt><\/dl><br style=\"clear: both\" \/><dl class='gallery-item'>\n\t\t\t<dt class='gallery-icon landscape'>\n\t\t\t\t<a href='https:\/\/i0.wp.com\/www.pension-linn.de\/wp-content\/uploads\/2016\/02\/guest11.jpg?ssl=1' rel=\"lightbox[11]\"><img loading=\"lazy\" decoding=\"async\" width=\"300\" height=\"224\" src=\"https:\/\/i0.wp.com\/www.pension-linn.de\/wp-content\/uploads\/2016\/02\/guest11.jpg?fit=300%2C224&amp;ssl=1\" class=\"attachment-medium size-medium\" alt=\"\" srcset=\"https:\/\/i0.wp.com\/www.pension-linn.de\/wp-content\/uploads\/2016\/02\/guest11.jpg?w=600&amp;ssl=1 600w, https:\/\/i0.wp.com\/www.pension-linn.de\/wp-content\/uploads\/2016\/02\/guest11.jpg?resize=300%2C224&amp;ssl=1 300w\" sizes=\"(max-width: 300px) 100vw, 300px\" \/><\/a>\n\t\t\t<\/dt><\/dl><dl class='gallery-item'>\n\t\t\t<dt class='gallery-icon landscape'>\n\t\t\t\t<a href='https:\/\/i0.wp.com\/www.pension-linn.de\/wp-content\/uploads\/2016\/02\/guest9.jpg?ssl=1' rel=\"lightbox[11]\"><img loading=\"lazy\" decoding=\"async\" width=\"300\" height=\"149\" src=\"https:\/\/i0.wp.com\/www.pension-linn.de\/wp-content\/uploads\/2016\/02\/guest9.jpg?fit=300%2C149&amp;ssl=1\" class=\"attachment-medium size-medium\" alt=\"\" srcset=\"https:\/\/i0.wp.com\/www.pension-linn.de\/wp-content\/uploads\/2016\/02\/guest9.jpg?w=600&amp;ssl=1 600w, https:\/\/i0.wp.com\/www.pension-linn.de\/wp-content\/uploads\/2016\/02\/guest9.jpg?resize=300%2C149&amp;ssl=1 300w\" sizes=\"(max-width: 300px) 100vw, 300px\" \/><\/a>\n\t\t\t<\/dt><\/dl><br style=\"clear: both\" \/><dl class='gallery-item'>\n\t\t\t<dt class='gallery-icon landscape'>\n\t\t\t\t<a href='https:\/\/i0.wp.com\/www.pension-linn.de\/wp-content\/uploads\/2016\/02\/guest8b.jpg?ssl=1' rel=\"lightbox[11]\"><img loading=\"lazy\" decoding=\"async\" width=\"300\" height=\"224\" src=\"https:\/\/i0.wp.com\/www.pension-linn.de\/wp-content\/uploads\/2016\/02\/guest8b.jpg?fit=300%2C224&amp;ssl=1\" class=\"attachment-medium size-medium\" alt=\"\" srcset=\"https:\/\/i0.wp.com\/www.pension-linn.de\/wp-content\/uploads\/2016\/02\/guest8b.jpg?w=600&amp;ssl=1 600w, https:\/\/i0.wp.com\/www.pension-linn.de\/wp-content\/uploads\/2016\/02\/guest8b.jpg?resize=300%2C224&amp;ssl=1 300w\" sizes=\"(max-width: 300px) 100vw, 300px\" \/><\/a>\n\t\t\t<\/dt><\/dl><dl class='gallery-item'>\n\t\t\t<dt class='gallery-icon landscape'>\n\t\t\t\t<a href='https:\/\/i0.wp.com\/www.pension-linn.de\/wp-content\/uploads\/2016\/02\/guest2.jpg?ssl=1' rel=\"lightbox[11]\"><img loading=\"lazy\" decoding=\"async\" width=\"300\" height=\"225\" src=\"https:\/\/i0.wp.com\/www.pension-linn.de\/wp-content\/uploads\/2016\/02\/guest2.jpg?fit=300%2C225&amp;ssl=1\" class=\"attachment-medium size-medium\" alt=\"\" srcset=\"https:\/\/i0.wp.com\/www.pension-linn.de\/wp-content\/uploads\/2016\/02\/guest2.jpg?w=600&amp;ssl=1 600w, https:\/\/i0.wp.com\/www.pension-linn.de\/wp-content\/uploads\/2016\/02\/guest2.jpg?resize=300%2C225&amp;ssl=1 300w\" sizes=\"(max-width: 300px) 100vw, 300px\" \/><\/a>\n\t\t\t<\/dt><\/dl><br style=\"clear: both\" \/><dl class='gallery-item'>\n\t\t\t<dt class='gallery-icon landscape'>\n\t\t\t\t<a href='https:\/\/i0.wp.com\/www.pension-linn.de\/wp-content\/uploads\/2016\/02\/guest13.jpg?ssl=1' rel=\"lightbox[11]\"><img loading=\"lazy\" decoding=\"async\" width=\"300\" height=\"224\" src=\"https:\/\/i0.wp.com\/www.pension-linn.de\/wp-content\/uploads\/2016\/02\/guest13.jpg?fit=300%2C224&amp;ssl=1\" class=\"attachment-medium size-medium\" alt=\"\" srcset=\"https:\/\/i0.wp.com\/www.pension-linn.de\/wp-content\/uploads\/2016\/02\/guest13.jpg?w=600&amp;ssl=1 600w, https:\/\/i0.wp.com\/www.pension-linn.de\/wp-content\/uploads\/2016\/02\/guest13.jpg?resize=300%2C224&amp;ssl=1 300w\" sizes=\"(max-width: 300px) 100vw, 300px\" \/><\/a>\n\t\t\t<\/dt><\/dl><dl class='gallery-item'>\n\t\t\t<dt class='gallery-icon portrait'>\n\t\t\t\t<a href='https:\/\/i0.wp.com\/www.pension-linn.de\/wp-content\/uploads\/2016\/02\/guest4.jpg?ssl=1' rel=\"lightbox[11]\"><img loading=\"lazy\" decoding=\"async\" width=\"224\" height=\"300\" src=\"https:\/\/i0.wp.com\/www.pension-linn.de\/wp-content\/uploads\/2016\/02\/guest4.jpg?fit=224%2C300&amp;ssl=1\" class=\"attachment-medium size-medium\" alt=\"\" srcset=\"https:\/\/i0.wp.com\/www.pension-linn.de\/wp-content\/uploads\/2016\/02\/guest4.jpg?w=448&amp;ssl=1 448w, https:\/\/i0.wp.com\/www.pension-linn.de\/wp-content\/uploads\/2016\/02\/guest4.jpg?resize=224%2C300&amp;ssl=1 224w\" sizes=\"(max-width: 224px) 100vw, 224px\" \/><\/a>\n\t\t\t<\/dt><\/dl><br style=\"clear: both\" \/><dl class='gallery-item'>\n\t\t\t<dt class='gallery-icon landscape'>\n\t\t\t\t<a href='https:\/\/i0.wp.com\/www.pension-linn.de\/wp-content\/uploads\/2016\/02\/guest8a.jpg?ssl=1' rel=\"lightbox[11]\"><img loading=\"lazy\" decoding=\"async\" width=\"300\" height=\"224\" src=\"https:\/\/i0.wp.com\/www.pension-linn.de\/wp-content\/uploads\/2016\/02\/guest8a.jpg?fit=300%2C224&amp;ssl=1\" class=\"attachment-medium size-medium\" alt=\"\" srcset=\"https:\/\/i0.wp.com\/www.pension-linn.de\/wp-content\/uploads\/2016\/02\/guest8a.jpg?w=600&amp;ssl=1 600w, https:\/\/i0.wp.com\/www.pension-linn.de\/wp-content\/uploads\/2016\/02\/guest8a.jpg?resize=300%2C224&amp;ssl=1 300w\" sizes=\"(max-width: 300px) 100vw, 300px\" \/><\/a>\n\t\t\t<\/dt><\/dl><dl class='gallery-item'>\n\t\t\t<dt class='gallery-icon landscape'>\n\t\t\t\t<a href='https:\/\/i0.wp.com\/www.pension-linn.de\/wp-content\/uploads\/2016\/02\/guest15.jpg?ssl=1' rel=\"lightbox[11]\"><img loading=\"lazy\" decoding=\"async\" width=\"300\" height=\"224\" src=\"https:\/\/i0.wp.com\/www.pension-linn.de\/wp-content\/uploads\/2016\/02\/guest15.jpg?fit=300%2C224&amp;ssl=1\" class=\"attachment-medium size-medium\" alt=\"\" srcset=\"https:\/\/i0.wp.com\/www.pension-linn.de\/wp-content\/uploads\/2016\/02\/guest15.jpg?w=600&amp;ssl=1 600w, https:\/\/i0.wp.com\/www.pension-linn.de\/wp-content\/uploads\/2016\/02\/guest15.jpg?resize=300%2C224&amp;ssl=1 300w\" sizes=\"(max-width: 300px) 100vw, 300px\" \/><\/a>\n\t\t\t<\/dt><\/dl><br style=\"clear: both\" \/><dl class='gallery-item'>\n\t\t\t<dt class='gallery-icon landscape'>\n\t\t\t\t<a href='https:\/\/i0.wp.com\/www.pension-linn.de\/wp-content\/uploads\/2016\/02\/guest7.jpg?ssl=1' rel=\"lightbox[11]\"><img loading=\"lazy\" decoding=\"async\" width=\"300\" height=\"224\" src=\"https:\/\/i0.wp.com\/www.pension-linn.de\/wp-content\/uploads\/2016\/02\/guest7.jpg?fit=300%2C224&amp;ssl=1\" class=\"attachment-medium size-medium\" alt=\"\" srcset=\"https:\/\/i0.wp.com\/www.pension-linn.de\/wp-content\/uploads\/2016\/02\/guest7.jpg?w=600&amp;ssl=1 600w, https:\/\/i0.wp.com\/www.pension-linn.de\/wp-content\/uploads\/2016\/02\/guest7.jpg?resize=300%2C224&amp;ssl=1 300w\" sizes=\"(max-width: 300px) 100vw, 300px\" \/><\/a>\n\t\t\t<\/dt><\/dl><dl class='gallery-item'>\n\t\t\t<dt class='gallery-icon landscape'>\n\t\t\t\t<a href='https:\/\/i0.wp.com\/www.pension-linn.de\/wp-content\/uploads\/2016\/02\/guest12.jpg?ssl=1' rel=\"lightbox[11]\"><img loading=\"lazy\" decoding=\"async\" width=\"300\" height=\"224\" src=\"https:\/\/i0.wp.com\/www.pension-linn.de\/wp-content\/uploads\/2016\/02\/guest12.jpg?fit=300%2C224&amp;ssl=1\" class=\"attachment-medium size-medium\" alt=\"\" srcset=\"https:\/\/i0.wp.com\/www.pension-linn.de\/wp-content\/uploads\/2016\/02\/guest12.jpg?w=600&amp;ssl=1 600w, https:\/\/i0.wp.com\/www.pension-linn.de\/wp-content\/uploads\/2016\/02\/guest12.jpg?resize=300%2C224&amp;ssl=1 300w\" sizes=\"(max-width: 300px) 100vw, 300px\" \/><\/a>\n\t\t\t<\/dt><\/dl><br style=\"clear: both\" \/><dl class='gallery-item'>\n\t\t\t<dt class='gallery-icon landscape'>\n\t\t\t\t<a href='https:\/\/i0.wp.com\/www.pension-linn.de\/wp-content\/uploads\/2016\/02\/guest1.jpg?ssl=1' rel=\"lightbox[11]\"><img loading=\"lazy\" decoding=\"async\" width=\"300\" height=\"225\" src=\"https:\/\/i0.wp.com\/www.pension-linn.de\/wp-content\/uploads\/2016\/02\/guest1.jpg?fit=300%2C225&amp;ssl=1\" class=\"attachment-medium size-medium\" alt=\"\" srcset=\"https:\/\/i0.wp.com\/www.pension-linn.de\/wp-content\/uploads\/2016\/02\/guest1.jpg?w=600&amp;ssl=1 600w, https:\/\/i0.wp.com\/www.pension-linn.de\/wp-content\/uploads\/2016\/02\/guest1.jpg?resize=300%2C225&amp;ssl=1 300w\" sizes=\"(max-width: 300px) 100vw, 300px\" \/><\/a>\n\t\t\t<\/dt><\/dl><dl class='gallery-item'>\n\t\t\t<dt class='gallery-icon landscape'>\n\t\t\t\t<a href='https:\/\/i0.wp.com\/www.pension-linn.de\/wp-content\/uploads\/2016\/02\/guest14.jpg?ssl=1' rel=\"lightbox[11]\"><img loading=\"lazy\" decoding=\"async\" width=\"300\" height=\"224\" src=\"https:\/\/i0.wp.com\/www.pension-linn.de\/wp-content\/uploads\/2016\/02\/guest14.jpg?fit=300%2C224&amp;ssl=1\" class=\"attachment-medium size-medium\" alt=\"\" srcset=\"https:\/\/i0.wp.com\/www.pension-linn.de\/wp-content\/uploads\/2016\/02\/guest14.jpg?w=600&amp;ssl=1 600w, https:\/\/i0.wp.com\/www.pension-linn.de\/wp-content\/uploads\/2016\/02\/guest14.jpg?resize=300%2C224&amp;ssl=1 300w\" sizes=\"(max-width: 300px) 100vw, 300px\" \/><\/a>\n\t\t\t<\/dt><\/dl><br style=\"clear: both\" \/><dl class='gallery-item'>\n\t\t\t<dt class='gallery-icon landscape'>\n\t\t\t\t<a href='https:\/\/i0.wp.com\/www.pension-linn.de\/wp-content\/uploads\/2016\/02\/guest10.jpg?ssl=1' rel=\"lightbox[11]\"><img loading=\"lazy\" decoding=\"async\" width=\"300\" height=\"224\" src=\"https:\/\/i0.wp.com\/www.pension-linn.de\/wp-content\/uploads\/2016\/02\/guest10.jpg?fit=300%2C224&amp;ssl=1\" class=\"attachment-medium size-medium\" alt=\"\" srcset=\"https:\/\/i0.wp.com\/www.pension-linn.de\/wp-content\/uploads\/2016\/02\/guest10.jpg?w=600&amp;ssl=1 600w, https:\/\/i0.wp.com\/www.pension-linn.de\/wp-content\/uploads\/2016\/02\/guest10.jpg?resize=300%2C224&amp;ssl=1 300w\" sizes=\"(max-width: 300px) 100vw, 300px\" \/><\/a>\n\t\t\t<\/dt><\/dl><dl class='gallery-item'>\n\t\t\t<dt class='gallery-icon landscape'>\n\t\t\t\t<a href='https:\/\/i0.wp.com\/www.pension-linn.de\/wp-content\/uploads\/2016\/02\/guest5.jpg?ssl=1' rel=\"lightbox[11]\"><img loading=\"lazy\" decoding=\"async\" width=\"300\" height=\"224\" src=\"https:\/\/i0.wp.com\/www.pension-linn.de\/wp-content\/uploads\/2016\/02\/guest5.jpg?fit=300%2C224&amp;ssl=1\" class=\"attachment-medium size-medium\" alt=\"\" srcset=\"https:\/\/i0.wp.com\/www.pension-linn.de\/wp-content\/uploads\/2016\/02\/guest5.jpg?w=600&amp;ssl=1 600w, https:\/\/i0.wp.com\/www.pension-linn.de\/wp-content\/uploads\/2016\/02\/guest5.jpg?resize=300%2C224&amp;ssl=1 300w\" sizes=\"(max-width: 300px) 100vw, 300px\" \/><\/a>\n\t\t\t<\/dt><\/dl><br style=\"clear: both\" \/>\n\t\t<\/div>\n\n<\/div>\n<div id=\"col_main\" class=\"display_col_uncategorised\"><\/div>\n","protected":false},"excerpt":{"rendered":"<p>Die Zufriedenheit unserer G\u00e4ste liegt uns am Herzen. Lesen Sie selbst, wie es anderen G\u00e4sten bei uns gefallen hat. Als Gast im Kunsthaus Linn k\u00f6nnen Sie uns hier schreiben, wie es Ihnen bei uns gefallen hat. Wir freuen uns \u00fcber Ihr Feedback! Ihre Familie Linn Teilnehmer der Schroth-Kurse sch\u00e4tzen die besondere Atmosph\u00e4re unseres Hauses. \u00d6ffnen [&hellip;]<\/p>\n","protected":false},"author":1,"featured_media":35,"parent":0,"menu_order":4,"comment_status":"closed","ping_status":"closed","template":"","meta":{"jetpack_post_was_ever_published":false,"footnotes":""},"jetpack_sharing_enabled":true,"jetpack_shortlink":"https:\/\/wp.me\/P7fit1-b","_links":{"self":[{"href":"https:\/\/www.pension-linn.de\/index.php\/wp-json\/wp\/v2\/pages\/11"}],"collection":[{"href":"https:\/\/www.pension-linn.de\/index.php\/wp-json\/wp\/v2\/pages"}],"about":[{"href":"https:\/\/www.pension-linn.de\/index.php\/wp-json\/wp\/v2\/types\/page"}],"author":[{"embeddable":true,"href":"https:\/\/www.pension-linn.de\/index.php\/wp-json\/wp\/v2\/users\/1"}],"replies":[{"embeddable":true,"href":"https:\/\/www.pension-linn.de\/index.php\/wp-json\/wp\/v2\/comments?post=11"}],"version-history":[{"count":10,"href":"https:\/\/www.pension-linn.de\/index.php\/wp-json\/wp\/v2\/pages\/11\/revisions"}],"predecessor-version":[{"id":68,"href":"https:\/\/www.pension-linn.de\/index.php\/wp-json\/wp\/v2\/pages\/11\/revisions\/68"}],"wp:featuredmedia":[{"embeddable":true,"href":"https:\/\/www.pension-linn.de\/index.php\/wp-json\/wp\/v2\/media\/35"}],"wp:attachment":[{"href":"https:\/\/www.pension-linn.de\/index.php\/wp-json\/wp\/v2\/media?parent=11"}],"curies":[{"name":"wp","href":"https:\/\/api.w.org\/{rel}","templated":true}]}}